{"id":2761,"date":"2025-10-24T20:24:59","date_gmt":"2025-10-24T19:24:59","guid":{"rendered":"https:\/\/gineral.si\/?post_type=product&#038;p=2761"},"modified":"2025-10-28T08:05:17","modified_gmt":"2025-10-28T07:05:17","slug":"mobilni-sank","status":"publish","type":"product","link":"https:\/\/gineral.si\/en\/product\/mobilni-sank\/","title":{"rendered":"Mobilni \u0161ank za cocktaile"},"content":{"rendered":"<div data-elementor-type=\"wp-post\" data-elementor-id=\"2761\" class=\"elementor elementor-2761\">\n\t\t\t\t<div class=\"elementor-element elementor-element-62881323 e-flex e-con-boxed e-con e-parent\" data-id=\"62881323\" data-element_type=\"container\" data-e-type=\"container\">\n\t\t\t\t\t<div class=\"e-con-inner\">\n\t\t\t\t<div class=\"elementor-element elementor-element-2d65936d elementor-widget elementor-widget-text-editor\" data-id=\"2d65936d\" data-element_type=\"widget\" data-e-type=\"widget\" data-widget_type=\"text-editor.default\">\n\t\t\t\t<div class=\"elementor-widget-container\">\n\t\t\t\t\t\t\t\t\tEdinstven mobilni \u0161ank za cocktaile omogo\u010da barmanom in gostincem prijetno, u\u010dinkovito in nemoteno delo na terenu. Njegove glavne prednosti so:\r\n\u2022 Aluminijasto ogrodje in inox delovna in izdajna povr\u0161ina\r\n\u2022 Visoka nosilnost\r\n\u2022 Optimalno izkori\u0161\u010den prostor\r\n\u2022 Razsvetljena delovna povr\u0161ina in izdajni pult\r\n\u2022 Priro\u010dna odprtina za odpad\r\n\u2022 Integrirano korito za pranje kozarcev:\r\n-\u0161oba za splakovanje in zlo\u017eljiva pipa (zmogljiva \u010drpalka)\r\n\u2022 Snemljivo nosilno korito za fla\u0161e\r\n\u2022 Integrirana posoda za led\r\n\u2022 Personalizacija zunanjih plo\u0161\u010d in inox izdajnega pulta\r\n\u2022 Velika kolesa za transport\r\n\r\nDIMENZIJE (Dx\u0160xV): 1,7m x 0,75m (+0,13m snemljivo korito) x 1,15m (od tega delovna povr\u0161ina na 0,85m)\r\n\r\n&nbsp;\r\n\r\n&nbsp;\r\n\r\n\r\n\t\t\t\t\t\t\t\t<\/div>\n\t\t\t\t<\/div>\n\t\t\t\t<div class=\"elementor-element elementor-element-4d4386c elementor-widget elementor-widget-video\" data-id=\"4d4386c\" data-element_type=\"widget\" data-e-type=\"widget\" data-settings=\"{&quot;youtube_url&quot;:&quot;https:\\\/\\\/www.youtube.com\\\/watch?v=D3qRo3gGpPU&quot;,&quot;video_type&quot;:&quot;youtube&quot;,&quot;controls&quot;:&quot;yes&quot;}\" data-widget_type=\"video.default\">\n\t\t\t\t<div class=\"elementor-widget-container\">\n\t\t\t\t\t\t\t<div class=\"elementor-wrapper elementor-open-inline\">\n\t\t\t<div class=\"elementor-video\"><\/div>\t\t<\/div>\n\t\t\t\t\t\t<\/div>\n\t\t\t\t<\/div>\n\t\t\t\t\t<\/div>\n\t\t\t\t<\/div>\n\t\t\t\t<\/div>","protected":false},"excerpt":{"rendered":"<p>Edinstven mobilni \u0161ank za cocktaile omogo\u010da barmanom in gostincem prijetno, u\u010dinkovito in nemoteno delo na terenu. Njegove glavne prednosti so: \u2022 Aluminijasto ogrodje in inox delovna in izdajna povr\u0161ina \u2022 Visoka nosilnost \u2022 Optimalno izkori\u0161\u010den prostor \u2022 Razsvetljena delovna povr\u0161ina in izdajni pult \u2022 Priro\u010dna odprtina za odpad \u2022 Integrirano korito za pranje kozarcev: -\u0161oba [&hellip;]<\/p>\n","protected":false},"featured_media":2769,"comment_status":"open","ping_status":"closed","template":"","meta":{"site-sidebar-layout":"default","site-content-layout":"","ast-site-content-layout":"default","site-content-style":"default","site-sidebar-style":"default","ast-global-header-display":"","ast-banner-title-visibility":"","ast-main-header-display":"","ast-hfb-above-header-display":"","ast-hfb-below-header-display":"","ast-hfb-mobile-header-display":"","site-post-title":"","ast-breadcrumbs-content":"","ast-featured-img":"","footer-sml-layout":"","ast-disable-related-posts":"","theme-transparent-header-meta":"default","adv-header-id-meta":"","stick-header-meta":"","header-above-stick-meta":"","header-main-stick-meta":"","header-below-stick-meta":"","astra-migrate-meta-layouts":"set","ast-page-background-enabled":"default","ast-page-background-meta":{"desktop":{"background-color":"var(--ast-global-color-4)","background-image":"","background-repeat":"repeat","background-position":"center center","background-size":"auto","background-attachment":"scroll","background-type":"","background-media":"","overlay-type":"","overlay-color":"","overlay-opacity":"","overlay-gradient":""},"tablet":{"background-color":"","background-image":"","background-repeat":"repeat","background-position":"center center","background-size":"auto","background-attachment":"scroll","background-type":"","background-media":"","overlay-type":"","overlay-color":"","overlay-opacity":"","overlay-gradient":""},"mobile":{"background-color":"","background-image":"","background-repeat":"repeat","background-position":"center center","background-size":"auto","background-attachment":"scroll","background-type":"","background-media":"","overlay-type":"","overlay-color":"","overlay-opacity":"","overlay-gradient":""}},"ast-content-background-meta":{"desktop":{"background-color":"var(--ast-global-color-5)","background-image":"","background-repeat":"repeat","background-position":"center center","background-size":"auto","background-attachment":"scroll","background-type":"","background-media":"","overlay-type":"","overlay-color":"","overlay-opacity":"","overlay-gradient":""},"tablet":{"background-color":"var(--ast-global-color-5)","background-image":"","background-repeat":"repeat","background-position":"center center","background-size":"auto","background-attachment":"scroll","background-type":"","background-media":"","overlay-type":"","overlay-color":"","overlay-opacity":"","overlay-gradient":""},"mobile":{"background-color":"var(--ast-global-color-5)","background-image":"","background-repeat":"repeat","background-position":"center center","background-size":"auto","background-attachment":"scroll","background-type":"","background-media":"","overlay-type":"","overlay-color":"","overlay-opacity":"","overlay-gradient":""}}},"product_brand":[],"product_cat":[57],"product_tag":[],"class_list":{"0":"post-2761","1":"product","2":"type-product","3":"status-publish","4":"has-post-thumbnail","6":"product_cat-mobilni-sanki","7":"desktop-align-left","8":"tablet-align-left","9":"mobile-align-left","11":"first","12":"instock","13":"taxable","14":"shipping-taxable","15":"product-type-simple"},"aioseo_notices":[],"_links":{"self":[{"href":"https:\/\/gineral.si\/en\/wp-json\/wp\/v2\/product\/2761","targetHints":{"allow":["GET"]}}],"collection":[{"href":"https:\/\/gineral.si\/en\/wp-json\/wp\/v2\/product"}],"about":[{"href":"https:\/\/gineral.si\/en\/wp-json\/wp\/v2\/types\/product"}],"replies":[{"embeddable":true,"href":"https:\/\/gineral.si\/en\/wp-json\/wp\/v2\/comments?post=2761"}],"version-history":[{"count":11,"href":"https:\/\/gineral.si\/en\/wp-json\/wp\/v2\/product\/2761\/revisions"}],"predecessor-version":[{"id":2781,"href":"https:\/\/gineral.si\/en\/wp-json\/wp\/v2\/product\/2761\/revisions\/2781"}],"wp:featuredmedia":[{"embeddable":true,"href":"https:\/\/gineral.si\/en\/wp-json\/wp\/v2\/media\/2769"}],"wp:attachment":[{"href":"https:\/\/gineral.si\/en\/wp-json\/wp\/v2\/media?parent=2761"}],"wp:term":[{"taxonomy":"product_brand","embeddable":true,"href":"https:\/\/gineral.si\/en\/wp-json\/wp\/v2\/product_brand?post=2761"},{"taxonomy":"product_cat","embeddable":true,"href":"https:\/\/gineral.si\/en\/wp-json\/wp\/v2\/product_cat?post=2761"},{"taxonomy":"product_tag","embeddable":true,"href":"https:\/\/gineral.si\/en\/wp-json\/wp\/v2\/product_tag?post=2761"}],"curies":[{"name":"wp","href":"https:\/\/api.w.org\/{rel}","templated":true}]}}