{"id":2743,"date":"2025-07-14T20:49:50","date_gmt":"2025-07-14T19:49:50","guid":{"rendered":"https:\/\/gineral.si\/?post_type=product&#038;p=2743"},"modified":"2025-07-14T20:49:50","modified_gmt":"2025-07-14T19:49:50","slug":"zenski-parfum-gineral-woman","status":"publish","type":"product","link":"https:\/\/gineral.si\/en\/product\/zenski-parfum-gineral-woman\/","title":{"rendered":"\u017denski parfum &#8211; Gineral Woman"},"content":{"rendered":"<p>Bistvo \u017eenstvenosti. Tiha mo\u010d elegance.<br \/>\nGineral Woman je poklon sodobni \u017eenski \u2013 prefinjeni, samozavestni in svobodni. Di\u0161ava, ki jo nosi, ni le okras, temve\u010d izraz njenega zna\u010daja \u2013 subtilna, a nepozabna.<br \/>\nDi\u0161avna zgodba se odpre s sve\u017eim, ne\u017eno aromati\u010dnim spojem \u010daja in mandarine, ki prebudi ob\u010dutke lahkotnosti in pristne \u017eenstvenosti. Ta prefinjena uvodna nota vabi k potovanju v bogato cvetli\u010dno srce.<br \/>\nV osrednjih tonih zadi\u0161ijo klasi\u010dne cvetlice: \u0161marnica, jasmin, gardenija in vrtnica, ki skupaj ustvarjajo zapeljivo harmonijo elegance in \u010dutnosti. Ta cvetli\u010dna tan\u010dica objame nosilko parfuma z mehkobo in milino.<br \/>\nV globini parfuma se razprostira topla, obstojna baza: pa\u010duli, vetiver, tonka fi\u017eol, sandalovina in vanilija. Skladna me\u0161anica zemlje in topline, ki zaklju\u010duje di\u0161avo s \u010dutno, a urejeno intenzivnostjo \u2013 kot sledi korakov samozavestne \u017eenske.<br \/>\nGineral Woman je ve\u010d kot parfum. Je razpolo\u017eenje. Je prisotnost. Je \u017eenska \u2013 v vsej svoji mo\u010di in lepoti.<\/p>","protected":false},"excerpt":{"rendered":"<p>Bistvo \u017eenstvenosti. Tiha mo\u010d elegance. Gineral Woman je poklon sodobni \u017eenski \u2013 prefinjeni, samozavestni in svobodni. Di\u0161ava, ki jo nosi, ni le okras, temve\u010d izraz njenega zna\u010daja \u2013 subtilna, a nepozabna. Di\u0161avna zgodba se odpre s sve\u017eim, ne\u017eno aromati\u010dnim spojem \u010daja in mandarine, ki prebudi ob\u010dutke lahkotnosti in pristne \u017eenstvenosti. Ta prefinjena uvodna nota vabi [&hellip;]<\/p>\n","protected":false},"featured_media":2744,"comment_status":"open","ping_status":"closed","template":"","meta":{"site-sidebar-layout":"default","site-content-layout":"","ast-site-content-layout":"default","site-content-style":"default","site-sidebar-style":"default","ast-global-header-display":"","ast-banner-title-visibility":"","ast-main-header-display":"","ast-hfb-above-header-display":"","ast-hfb-below-header-display":"","ast-hfb-mobile-header-display":"","site-post-title":"","ast-breadcrumbs-content":"","ast-featured-img":"","footer-sml-layout":"","ast-disable-related-posts":"","theme-transparent-header-meta":"default","adv-header-id-meta":"","stick-header-meta":"","header-above-stick-meta":"","header-main-stick-meta":"","header-below-stick-meta":"","astra-migrate-meta-layouts":"set","ast-page-background-enabled":"default","ast-page-background-meta":{"desktop":{"background-color":"var(--ast-global-color-4)","background-image":"","background-repeat":"repeat","background-position":"center center","background-size":"auto","background-attachment":"scroll","background-type":"","background-media":"","overlay-type":"","overlay-color":"","overlay-opacity":"","overlay-gradient":""},"tablet":{"background-color":"","background-image":"","background-repeat":"repeat","background-position":"center center","background-size":"auto","background-attachment":"scroll","background-type":"","background-media":"","overlay-type":"","overlay-color":"","overlay-opacity":"","overlay-gradient":""},"mobile":{"background-color":"","background-image":"","background-repeat":"repeat","background-position":"center center","background-size":"auto","background-attachment":"scroll","background-type":"","background-media":"","overlay-type":"","overlay-color":"","overlay-opacity":"","overlay-gradient":""}},"ast-content-background-meta":{"desktop":{"background-color":"var(--ast-global-color-5)","background-image":"","background-repeat":"repeat","background-position":"center center","background-size":"auto","background-attachment":"scroll","background-type":"","background-media":"","overlay-type":"","overlay-color":"","overlay-opacity":"","overlay-gradient":""},"tablet":{"background-color":"var(--ast-global-color-5)","background-image":"","background-repeat":"repeat","background-position":"center center","background-size":"auto","background-attachment":"scroll","background-type":"","background-media":"","overlay-type":"","overlay-color":"","overlay-opacity":"","overlay-gradient":""},"mobile":{"background-color":"var(--ast-global-color-5)","background-image":"","background-repeat":"repeat","background-position":"center center","background-size":"auto","background-attachment":"scroll","background-type":"","background-media":"","overlay-type":"","overlay-color":"","overlay-opacity":"","overlay-gradient":""}}},"product_brand":[],"product_cat":[56],"product_tag":[],"class_list":{"0":"post-2743","1":"product","2":"type-product","3":"status-publish","4":"has-post-thumbnail","6":"product_cat-parfum","7":"desktop-align-left","8":"tablet-align-left","9":"mobile-align-left","11":"first","12":"instock","13":"taxable","14":"shipping-taxable","15":"purchasable","16":"product-type-simple"},"aioseo_notices":[],"_links":{"self":[{"href":"https:\/\/gineral.si\/en\/wp-json\/wp\/v2\/product\/2743","targetHints":{"allow":["GET"]}}],"collection":[{"href":"https:\/\/gineral.si\/en\/wp-json\/wp\/v2\/product"}],"about":[{"href":"https:\/\/gineral.si\/en\/wp-json\/wp\/v2\/types\/product"}],"replies":[{"embeddable":true,"href":"https:\/\/gineral.si\/en\/wp-json\/wp\/v2\/comments?post=2743"}],"version-history":[{"count":1,"href":"https:\/\/gineral.si\/en\/wp-json\/wp\/v2\/product\/2743\/revisions"}],"predecessor-version":[{"id":2746,"href":"https:\/\/gineral.si\/en\/wp-json\/wp\/v2\/product\/2743\/revisions\/2746"}],"wp:featuredmedia":[{"embeddable":true,"href":"https:\/\/gineral.si\/en\/wp-json\/wp\/v2\/media\/2744"}],"wp:attachment":[{"href":"https:\/\/gineral.si\/en\/wp-json\/wp\/v2\/media?parent=2743"}],"wp:term":[{"taxonomy":"product_brand","embeddable":true,"href":"https:\/\/gineral.si\/en\/wp-json\/wp\/v2\/product_brand?post=2743"},{"taxonomy":"product_cat","embeddable":true,"href":"https:\/\/gineral.si\/en\/wp-json\/wp\/v2\/product_cat?post=2743"},{"taxonomy":"product_tag","embeddable":true,"href":"https:\/\/gineral.si\/en\/wp-json\/wp\/v2\/product_tag?post=2743"}],"curies":[{"name":"wp","href":"https:\/\/api.w.org\/{rel}","templated":true}]}}