{"id":2739,"date":"2025-07-14T20:44:37","date_gmt":"2025-07-14T19:44:37","guid":{"rendered":"https:\/\/gineral.si\/?post_type=product&#038;p=2739"},"modified":"2025-07-14T20:44:37","modified_gmt":"2025-07-14T19:44:37","slug":"moski-parfum-gineral-man","status":"publish","type":"product","link":"https:\/\/gineral.si\/en\/product\/moski-parfum-gineral-man\/","title":{"rendered":"Mo\u0161ki parfum &#8211; Gineral Man"},"content":{"rendered":"<p>Divja eleganca. Ujet trenutek svobode.<br \/>\nZmogljiv in skrivnosten, Gineral Man je nova di\u0161ava za sodobnega mo\u0161kega, ki i\u0161\u010de ravnovesje med naravno mo\u010djo in notranjo umirjenostjo. Vsaka nota govori zgodbo \u2013 o odlo\u010dnosti, pogumu in brezkompromisnem slogu.<br \/>\n\u017de v prvem trenutku parfum razkrije sve\u017eo eksplozijo bergamotke in limone, za\u010dinjeno s toplimi toni ro\u017enatega popra in dimnimi toni kadila. Nepri\u010dakovano se razpre tudi aromati\u010dna ostrina brinovih jagod, ki v parfum vna\u0161ajo kan\u010dek divjine.<br \/>\nV sr\u010dnem utripu parfuma se razvije elegantna cvetli\u010dna sestava jasmina in ro\u017ene grenike (rock rose), ki jo meh\u010dajo \u010dutni toni \u017eametnega lesa \u2013 sofisticiran kontrast med ne\u017enostjo in mo\u0161kostjo.<br \/>\nGloboko v njegovi osnovi le\u017ei mo\u010dna, zemeljska podlaga, kjer se prepletajo ambroksan, mo\u0161us, mah in pa\u010duli \u2013 dolgotrajna, magnetna sled, ki ostaja na ko\u017ei in v spominu.<br \/>\nGineral Man ni le parfum \u2013 je podpis. Za mo\u0161kega, ki ne i\u0161\u010de pozornosti, a je nikoli ne spregleda.<\/p>","protected":false},"excerpt":{"rendered":"<p>Divja eleganca. Ujet trenutek svobode. Zmogljiv in skrivnosten, Gineral Man je nova di\u0161ava za sodobnega mo\u0161kega, ki i\u0161\u010de ravnovesje med naravno mo\u010djo in notranjo umirjenostjo. Vsaka nota govori zgodbo \u2013 o odlo\u010dnosti, pogumu in brezkompromisnem slogu. \u017de v prvem trenutku parfum razkrije sve\u017eo eksplozijo bergamotke in limone, za\u010dinjeno s toplimi toni ro\u017enatega popra in dimnimi [&hellip;]<\/p>\n","protected":false},"featured_media":2740,"comment_status":"open","ping_status":"closed","template":"","meta":{"site-sidebar-layout":"default","site-content-layout":"","ast-site-content-layout":"default","site-content-style":"default","site-sidebar-style":"default","ast-global-header-display":"","ast-banner-title-visibility":"","ast-main-header-display":"","ast-hfb-above-header-display":"","ast-hfb-below-header-display":"","ast-hfb-mobile-header-display":"","site-post-title":"","ast-breadcrumbs-content":"","ast-featured-img":"","footer-sml-layout":"","ast-disable-related-posts":"","theme-transparent-header-meta":"default","adv-header-id-meta":"","stick-header-meta":"","header-above-stick-meta":"","header-main-stick-meta":"","header-below-stick-meta":"","astra-migrate-meta-layouts":"set","ast-page-background-enabled":"default","ast-page-background-meta":{"desktop":{"background-color":"var(--ast-global-color-4)","background-image":"","background-repeat":"repeat","background-position":"center center","background-size":"auto","background-attachment":"scroll","background-type":"","background-media":"","overlay-type":"","overlay-color":"","overlay-opacity":"","overlay-gradient":""},"tablet":{"background-color":"","background-image":"","background-repeat":"repeat","background-position":"center center","background-size":"auto","background-attachment":"scroll","background-type":"","background-media":"","overlay-type":"","overlay-color":"","overlay-opacity":"","overlay-gradient":""},"mobile":{"background-color":"","background-image":"","background-repeat":"repeat","background-position":"center center","background-size":"auto","background-attachment":"scroll","background-type":"","background-media":"","overlay-type":"","overlay-color":"","overlay-opacity":"","overlay-gradient":""}},"ast-content-background-meta":{"desktop":{"background-color":"var(--ast-global-color-5)","background-image":"","background-repeat":"repeat","background-position":"center center","background-size":"auto","background-attachment":"scroll","background-type":"","background-media":"","overlay-type":"","overlay-color":"","overlay-opacity":"","overlay-gradient":""},"tablet":{"background-color":"var(--ast-global-color-5)","background-image":"","background-repeat":"repeat","background-position":"center center","background-size":"auto","background-attachment":"scroll","background-type":"","background-media":"","overlay-type":"","overlay-color":"","overlay-opacity":"","overlay-gradient":""},"mobile":{"background-color":"var(--ast-global-color-5)","background-image":"","background-repeat":"repeat","background-position":"center center","background-size":"auto","background-attachment":"scroll","background-type":"","background-media":"","overlay-type":"","overlay-color":"","overlay-opacity":"","overlay-gradient":""}}},"product_brand":[],"product_cat":[56],"product_tag":[],"class_list":{"0":"post-2739","1":"product","2":"type-product","3":"status-publish","4":"has-post-thumbnail","6":"product_cat-parfum","7":"desktop-align-left","8":"tablet-align-left","9":"mobile-align-left","11":"first","12":"instock","13":"taxable","14":"shipping-taxable","15":"purchasable","16":"product-type-simple"},"aioseo_notices":[],"_links":{"self":[{"href":"https:\/\/gineral.si\/en\/wp-json\/wp\/v2\/product\/2739","targetHints":{"allow":["GET"]}}],"collection":[{"href":"https:\/\/gineral.si\/en\/wp-json\/wp\/v2\/product"}],"about":[{"href":"https:\/\/gineral.si\/en\/wp-json\/wp\/v2\/types\/product"}],"replies":[{"embeddable":true,"href":"https:\/\/gineral.si\/en\/wp-json\/wp\/v2\/comments?post=2739"}],"version-history":[{"count":1,"href":"https:\/\/gineral.si\/en\/wp-json\/wp\/v2\/product\/2739\/revisions"}],"predecessor-version":[{"id":2742,"href":"https:\/\/gineral.si\/en\/wp-json\/wp\/v2\/product\/2739\/revisions\/2742"}],"wp:featuredmedia":[{"embeddable":true,"href":"https:\/\/gineral.si\/en\/wp-json\/wp\/v2\/media\/2740"}],"wp:attachment":[{"href":"https:\/\/gineral.si\/en\/wp-json\/wp\/v2\/media?parent=2739"}],"wp:term":[{"taxonomy":"product_brand","embeddable":true,"href":"https:\/\/gineral.si\/en\/wp-json\/wp\/v2\/product_brand?post=2739"},{"taxonomy":"product_cat","embeddable":true,"href":"https:\/\/gineral.si\/en\/wp-json\/wp\/v2\/product_cat?post=2739"},{"taxonomy":"product_tag","embeddable":true,"href":"https:\/\/gineral.si\/en\/wp-json\/wp\/v2\/product_tag?post=2739"}],"curies":[{"name":"wp","href":"https:\/\/api.w.org\/{rel}","templated":true}]}}