{"id":2714,"date":"2025-06-17T21:48:36","date_gmt":"2025-06-17T20:48:36","guid":{"rendered":"https:\/\/gineral.si\/?post_type=product&#038;p=2714"},"modified":"2025-11-22T19:09:01","modified_gmt":"2025-11-22T18:09:01","slug":"orancelo-gineral-07l","status":"publish","type":"product","link":"https:\/\/gineral.si\/en\/product\/orancelo-gineral-07l\/","title":{"rendered":"Oran\u010delo Gineral\u00ae 0,7L"},"content":{"rendered":"<p>Oran\u010delo Gineral\u00ae je \u017eivahna citrusna specialiteta, narejena iz \u017eitnega destilata in ro\u010dno olupljenih lupin ekolo\u0161ko pridelanih pomaran\u010d. Da ohranimo le najbolj\u0161e arome, lupino olupimo izjemno tanko, brez grenkega belega dela, nato pa jo ne\u017eno maceriramo v destilatu, kjer razvije svoj zna\u010dilen, naravno sladek in sve\u017e okus.<\/p>\n<p>Najbolje ga je postre\u010di mo\u010dno ohlajenega, med -5 in 4 \u00b0C \u2013 kot eleganten digestiv ali pa kot igrivo osnovo za koktajle in spritz variacije, ki prinesejo poletje v vsak po\u017eirek.<\/p>","protected":false},"excerpt":{"rendered":"<p>Oran\u010delo Gineral\u00ae je \u017eivahna citrusna specialiteta, narejena iz \u017eitnega destilata in ro\u010dno olupljenih lupin ekolo\u0161ko pridelanih pomaran\u010d. Da ohranimo le najbolj\u0161e arome, lupino olupimo izjemno tanko, brez grenkega belega dela, nato pa jo ne\u017eno maceriramo v destilatu, kjer razvije svoj zna\u010dilen, naravno sladek in sve\u017e okus. Najbolje ga je postre\u010di mo\u010dno ohlajenega, med -5 in [&hellip;]<\/p>\n","protected":false},"featured_media":2715,"comment_status":"open","ping_status":"closed","template":"","meta":{"site-sidebar-layout":"default","site-content-layout":"","ast-site-content-layout":"default","site-content-style":"default","site-sidebar-style":"default","ast-global-header-display":"","ast-banner-title-visibility":"","ast-main-header-display":"","ast-hfb-above-header-display":"","ast-hfb-below-header-display":"","ast-hfb-mobile-header-display":"","site-post-title":"","ast-breadcrumbs-content":"","ast-featured-img":"","footer-sml-layout":"","ast-disable-related-posts":"","theme-transparent-header-meta":"default","adv-header-id-meta":"","stick-header-meta":"","header-above-stick-meta":"","header-main-stick-meta":"","header-below-stick-meta":"","astra-migrate-meta-layouts":"set","ast-page-background-enabled":"default","ast-page-background-meta":{"desktop":{"background-color":"var(--ast-global-color-4)","background-image":"","background-repeat":"repeat","background-position":"center center","background-size":"auto","background-attachment":"scroll","background-type":"","background-media":"","overlay-type":"","overlay-color":"","overlay-opacity":"","overlay-gradient":""},"tablet":{"background-color":"","background-image":"","background-repeat":"repeat","background-position":"center center","background-size":"auto","background-attachment":"scroll","background-type":"","background-media":"","overlay-type":"","overlay-color":"","overlay-opacity":"","overlay-gradient":""},"mobile":{"background-color":"","background-image":"","background-repeat":"repeat","background-position":"center center","background-size":"auto","background-attachment":"scroll","background-type":"","background-media":"","overlay-type":"","overlay-color":"","overlay-opacity":"","overlay-gradient":""}},"ast-content-background-meta":{"desktop":{"background-color":"var(--ast-global-color-5)","background-image":"","background-repeat":"repeat","background-position":"center center","background-size":"auto","background-attachment":"scroll","background-type":"","background-media":"","overlay-type":"","overlay-color":"","overlay-opacity":"","overlay-gradient":""},"tablet":{"background-color":"var(--ast-global-color-5)","background-image":"","background-repeat":"repeat","background-position":"center center","background-size":"auto","background-attachment":"scroll","background-type":"","background-media":"","overlay-type":"","overlay-color":"","overlay-opacity":"","overlay-gradient":""},"mobile":{"background-color":"var(--ast-global-color-5)","background-image":"","background-repeat":"repeat","background-position":"center center","background-size":"auto","background-attachment":"scroll","background-type":"","background-media":"","overlay-type":"","overlay-color":"","overlay-opacity":"","overlay-gradient":""}}},"product_brand":[],"product_cat":[55],"product_tag":[],"class_list":{"0":"post-2714","1":"product","2":"type-product","3":"status-publish","4":"has-post-thumbnail","6":"product_cat-orancelo","7":"desktop-align-left","8":"tablet-align-left","9":"mobile-align-left","11":"first","12":"instock","13":"taxable","14":"shipping-taxable","15":"purchasable","16":"product-type-simple"},"aioseo_notices":[],"_links":{"self":[{"href":"https:\/\/gineral.si\/en\/wp-json\/wp\/v2\/product\/2714","targetHints":{"allow":["GET"]}}],"collection":[{"href":"https:\/\/gineral.si\/en\/wp-json\/wp\/v2\/product"}],"about":[{"href":"https:\/\/gineral.si\/en\/wp-json\/wp\/v2\/types\/product"}],"replies":[{"embeddable":true,"href":"https:\/\/gineral.si\/en\/wp-json\/wp\/v2\/comments?post=2714"}],"version-history":[{"count":1,"href":"https:\/\/gineral.si\/en\/wp-json\/wp\/v2\/product\/2714\/revisions"}],"predecessor-version":[{"id":2716,"href":"https:\/\/gineral.si\/en\/wp-json\/wp\/v2\/product\/2714\/revisions\/2716"}],"wp:featuredmedia":[{"embeddable":true,"href":"https:\/\/gineral.si\/en\/wp-json\/wp\/v2\/media\/2715"}],"wp:attachment":[{"href":"https:\/\/gineral.si\/en\/wp-json\/wp\/v2\/media?parent=2714"}],"wp:term":[{"taxonomy":"product_brand","embeddable":true,"href":"https:\/\/gineral.si\/en\/wp-json\/wp\/v2\/product_brand?post=2714"},{"taxonomy":"product_cat","embeddable":true,"href":"https:\/\/gineral.si\/en\/wp-json\/wp\/v2\/product_cat?post=2714"},{"taxonomy":"product_tag","embeddable":true,"href":"https:\/\/gineral.si\/en\/wp-json\/wp\/v2\/product_tag?post=2714"}],"curies":[{"name":"wp","href":"https:\/\/api.w.org\/{rel}","templated":true}]}}