{"id":2465,"date":"2024-10-31T20:54:44","date_gmt":"2024-10-31T19:54:44","guid":{"rendered":"https:\/\/gineral.si\/?post_type=product&#038;p=2465"},"modified":"2026-03-24T14:25:59","modified_gmt":"2026-03-24T13:25:59","slug":"personalizirano-darilo-za-svate-gineral","status":"publish","type":"product","link":"https:\/\/gineral.si\/en\/product\/personalizirano-darilo-za-svate-gineral\/","title":{"rendered":"Personalizirano darilo za svate Gineral\u00ae"},"content":{"rendered":"<p>Komplet je sestavljen iz poljubnih dveh Gineral\u00ae ginov pakiranja 0,05L. Gre za kombinacijo, ki smo jo razvili posebej kot darilo za svate na va\u0161i edinstveni poroki. V ceno je vklju\u010deno ro\u010dno graviranje in zlatenje imen \u017eenina in neveste ter datuma. Fla\u0161ki sta zdru\u017eeni z belim karton\u010dkom z napisom &#8220;Hvala!&#8221;. Glede izbire ginov in vsebine personalizacije nas kontaktirajte na telefon ali e-mail.<\/p>","protected":false},"excerpt":{"rendered":"<p>Komplet je sestavljen iz poljubnih dveh Gineral\u00ae ginov pakiranja 0,05L. Gre za kombinacijo, ki smo jo razvili posebej kot darilo za svate na va\u0161i edinstveni poroki. V ceno je vklju\u010deno ro\u010dno graviranje in zlatenje imen \u017eenina in neveste ter datuma. Fla\u0161ki sta zdru\u017eeni z belim karton\u010dkom z napisom &#8220;Hvala!&#8221;. Glede izbire ginov in vsebine personalizacije [&hellip;]<\/p>\n","protected":false},"featured_media":2475,"comment_status":"open","ping_status":"closed","template":"","meta":{"site-sidebar-layout":"default","site-content-layout":"default","ast-site-content-layout":"default","site-content-style":"default","site-sidebar-style":"default","ast-global-header-display":"","ast-banner-title-visibility":"","ast-main-header-display":"","ast-hfb-above-header-display":"","ast-hfb-below-header-display":"","ast-hfb-mobile-header-display":"","site-post-title":"","ast-breadcrumbs-content":"","ast-featured-img":"","footer-sml-layout":"","ast-disable-related-posts":"","theme-transparent-header-meta":"default","adv-header-id-meta":"","stick-header-meta":"","header-above-stick-meta":"","header-main-stick-meta":"","header-below-stick-meta":"","astra-migrate-meta-layouts":"set","ast-page-background-enabled":"default","ast-page-background-meta":{"desktop":{"background-color":"var(--ast-global-color-4)","background-image":"","background-repeat":"repeat","background-position":"center center","background-size":"auto","background-attachment":"scroll","background-type":"","background-media":"","overlay-type":"","overlay-color":"","overlay-opacity":"","overlay-gradient":""},"tablet":{"background-color":"","background-image":"","background-repeat":"repeat","background-position":"center center","background-size":"auto","background-attachment":"scroll","background-type":"","background-media":"","overlay-type":"","overlay-color":"","overlay-opacity":"","overlay-gradient":""},"mobile":{"background-color":"","background-image":"","background-repeat":"repeat","background-position":"center center","background-size":"auto","background-attachment":"scroll","background-type":"","background-media":"","overlay-type":"","overlay-color":"","overlay-opacity":"","overlay-gradient":""}},"ast-content-background-meta":{"desktop":{"background-color":"var(--ast-global-color-5)","background-image":"","background-repeat":"repeat","background-position":"center center","background-size":"auto","background-attachment":"scroll","background-type":"","background-media":"","overlay-type":"","overlay-color":"","overlay-opacity":"","overlay-gradient":""},"tablet":{"background-color":"var(--ast-global-color-5)","background-image":"","background-repeat":"repeat","background-position":"center center","background-size":"auto","background-attachment":"scroll","background-type":"","background-media":"","overlay-type":"","overlay-color":"","overlay-opacity":"","overlay-gradient":""},"mobile":{"background-color":"var(--ast-global-color-5)","background-image":"","background-repeat":"repeat","background-position":"center center","background-size":"auto","background-attachment":"scroll","background-type":"","background-media":"","overlay-type":"","overlay-color":"","overlay-opacity":"","overlay-gradient":""}}},"product_brand":[],"product_cat":[26,17],"product_tag":[],"class_list":{"0":"post-2465","1":"product","2":"type-product","3":"status-publish","4":"has-post-thumbnail","6":"product_cat-gin","7":"product_cat-nekategorizirano","8":"desktop-align-left","9":"tablet-align-left","10":"mobile-align-left","12":"first","13":"instock","14":"featured","15":"purchasable","16":"product-type-simple"},"aioseo_notices":[],"_links":{"self":[{"href":"https:\/\/gineral.si\/en\/wp-json\/wp\/v2\/product\/2465","targetHints":{"allow":["GET"]}}],"collection":[{"href":"https:\/\/gineral.si\/en\/wp-json\/wp\/v2\/product"}],"about":[{"href":"https:\/\/gineral.si\/en\/wp-json\/wp\/v2\/types\/product"}],"replies":[{"embeddable":true,"href":"https:\/\/gineral.si\/en\/wp-json\/wp\/v2\/comments?post=2465"}],"version-history":[{"count":1,"href":"https:\/\/gineral.si\/en\/wp-json\/wp\/v2\/product\/2465\/revisions"}],"predecessor-version":[{"id":2476,"href":"https:\/\/gineral.si\/en\/wp-json\/wp\/v2\/product\/2465\/revisions\/2476"}],"wp:featuredmedia":[{"embeddable":true,"href":"https:\/\/gineral.si\/en\/wp-json\/wp\/v2\/media\/2475"}],"wp:attachment":[{"href":"https:\/\/gineral.si\/en\/wp-json\/wp\/v2\/media?parent=2465"}],"wp:term":[{"taxonomy":"product_brand","embeddable":true,"href":"https:\/\/gineral.si\/en\/wp-json\/wp\/v2\/product_brand?post=2465"},{"taxonomy":"product_cat","embeddable":true,"href":"https:\/\/gineral.si\/en\/wp-json\/wp\/v2\/product_cat?post=2465"},{"taxonomy":"product_tag","embeddable":true,"href":"https:\/\/gineral.si\/en\/wp-json\/wp\/v2\/product_tag?post=2465"}],"curies":[{"name":"wp","href":"https:\/\/api.w.org\/{rel}","templated":true}]}}