{"id":2461,"date":"2024-10-31T20:47:53","date_gmt":"2024-10-31T19:47:53","guid":{"rendered":"https:\/\/gineral.si\/?post_type=product&#038;p=2461"},"modified":"2026-03-24T14:25:40","modified_gmt":"2026-03-24T13:25:40","slug":"gineral-gin-rose-flower-02l","status":"publish","type":"product","link":"https:\/\/gineral.si\/en\/product\/gineral-gin-rose-flower-02l\/","title":{"rendered":"Gineral\u00ae gin Rose Flower 0,2L"},"content":{"rendered":"<p>Gineral\u00ae gin Rose Flower je z naravno aromo vrtnice obogaten Gineral\u00ae gin Classic. Izjemno je priljubljen za gin tonike in cocktaile z opojnim pridihom. Za odli\u010den gin tonik se idealno poda s Fentimans Rose Lemonade. \u010ce pa ste ljubitelj cocktailov pa ne pozabite pogledati zavihka &#8220;recepti&#8221; na na\u0161i spletni strani.<\/p>","protected":false},"excerpt":{"rendered":"<p>Gineral\u00ae gin Rose Flower je z naravno aromo vrtnice obogaten Gineral\u00ae gin Classic. Izjemno je priljubljen za gin tonike in cocktaile z opojnim pridihom. Za odli\u010den gin tonik se idealno poda s Fentimans Rose Lemonade. \u010ce pa ste ljubitelj cocktailov pa ne pozabite pogledati zavihka &#8220;recepti&#8221; na na\u0161i spletni strani.<\/p>","protected":false},"featured_media":2456,"comment_status":"open","ping_status":"closed","template":"","meta":{"site-sidebar-layout":"default","site-content-layout":"default","ast-site-content-layout":"default","site-content-style":"default","site-sidebar-style":"default","ast-global-header-display":"","ast-banner-title-visibility":"","ast-main-header-display":"","ast-hfb-above-header-display":"","ast-hfb-below-header-display":"","ast-hfb-mobile-header-display":"","site-post-title":"","ast-breadcrumbs-content":"","ast-featured-img":"","footer-sml-layout":"","ast-disable-related-posts":"","theme-transparent-header-meta":"default","adv-header-id-meta":"","stick-header-meta":"","header-above-stick-meta":"","header-main-stick-meta":"","header-below-stick-meta":"","astra-migrate-meta-layouts":"set","ast-page-background-enabled":"default","ast-page-background-meta":{"desktop":{"background-color":"var(--ast-global-color-4)","background-image":"","background-repeat":"repeat","background-position":"center center","background-size":"auto","background-attachment":"scroll","background-type":"","background-media":"","overlay-type":"","overlay-color":"","overlay-opacity":"","overlay-gradient":""},"tablet":{"background-color":"","background-image":"","background-repeat":"repeat","background-position":"center center","background-size":"auto","background-attachment":"scroll","background-type":"","background-media":"","overlay-type":"","overlay-color":"","overlay-opacity":"","overlay-gradient":""},"mobile":{"background-color":"","background-image":"","background-repeat":"repeat","background-position":"center center","background-size":"auto","background-attachment":"scroll","background-type":"","background-media":"","overlay-type":"","overlay-color":"","overlay-opacity":"","overlay-gradient":""}},"ast-content-background-meta":{"desktop":{"background-color":"var(--ast-global-color-5)","background-image":"","background-repeat":"repeat","background-position":"center center","background-size":"auto","background-attachment":"scroll","background-type":"","background-media":"","overlay-type":"","overlay-color":"","overlay-opacity":"","overlay-gradient":""},"tablet":{"background-color":"var(--ast-global-color-5)","background-image":"","background-repeat":"repeat","background-position":"center center","background-size":"auto","background-attachment":"scroll","background-type":"","background-media":"","overlay-type":"","overlay-color":"","overlay-opacity":"","overlay-gradient":""},"mobile":{"background-color":"var(--ast-global-color-5)","background-image":"","background-repeat":"repeat","background-position":"center center","background-size":"auto","background-attachment":"scroll","background-type":"","background-media":"","overlay-type":"","overlay-color":"","overlay-opacity":"","overlay-gradient":""}}},"product_brand":[],"product_cat":[26],"product_tag":[],"class_list":{"0":"post-2461","1":"product","2":"type-product","3":"status-publish","4":"has-post-thumbnail","6":"product_cat-gin","7":"desktop-align-left","8":"tablet-align-left","9":"mobile-align-left","11":"first","12":"instock","13":"featured","14":"taxable","15":"shipping-taxable","16":"purchasable","17":"product-type-simple"},"aioseo_notices":[],"_links":{"self":[{"href":"https:\/\/gineral.si\/en\/wp-json\/wp\/v2\/product\/2461","targetHints":{"allow":["GET"]}}],"collection":[{"href":"https:\/\/gineral.si\/en\/wp-json\/wp\/v2\/product"}],"about":[{"href":"https:\/\/gineral.si\/en\/wp-json\/wp\/v2\/types\/product"}],"replies":[{"embeddable":true,"href":"https:\/\/gineral.si\/en\/wp-json\/wp\/v2\/comments?post=2461"}],"version-history":[{"count":1,"href":"https:\/\/gineral.si\/en\/wp-json\/wp\/v2\/product\/2461\/revisions"}],"predecessor-version":[{"id":2462,"href":"https:\/\/gineral.si\/en\/wp-json\/wp\/v2\/product\/2461\/revisions\/2462"}],"wp:featuredmedia":[{"embeddable":true,"href":"https:\/\/gineral.si\/en\/wp-json\/wp\/v2\/media\/2456"}],"wp:attachment":[{"href":"https:\/\/gineral.si\/en\/wp-json\/wp\/v2\/media?parent=2461"}],"wp:term":[{"taxonomy":"product_brand","embeddable":true,"href":"https:\/\/gineral.si\/en\/wp-json\/wp\/v2\/product_brand?post=2461"},{"taxonomy":"product_cat","embeddable":true,"href":"https:\/\/gineral.si\/en\/wp-json\/wp\/v2\/product_cat?post=2461"},{"taxonomy":"product_tag","embeddable":true,"href":"https:\/\/gineral.si\/en\/wp-json\/wp\/v2\/product_tag?post=2461"}],"curies":[{"name":"wp","href":"https:\/\/api.w.org\/{rel}","templated":true}]}}