{"id":1172,"date":"2023-05-19T12:23:20","date_gmt":"2023-05-19T11:23:20","guid":{"rendered":"https:\/\/gineral.si\/?post_type=product&#038;p=1172"},"modified":"2025-06-01T14:25:29","modified_gmt":"2025-06-01T13:25:29","slug":"gineral-praline-z-ginom-4-kos","status":"publish","type":"product","link":"https:\/\/gineral.si\/en\/product\/gineral-praline-z-ginom-4-kos\/","title":{"rendered":"Gineral\u00ae pralines with gin (4 pieces)"},"content":{"rendered":"<p>Gineral\u00ae praline z ginom so ro\u010dno izdelane praline z dodanim ginom Gineral\u00ae gin Classic. Vsaka od \u0161tirih pralin je izdelana po posebnem edinstvenem receptu. V paketu je ena pralina s temno \u010dokolado+gin, ena pralina s temno \u010dokolado+gin+okus maline, ena pralina iz mle\u010dne \u010dokolade+gin+okus pomaran\u010de in ena pralina iz bele \u010dokolade+gin+okus borovnice. Praline so v darilnem pakiranju. Vabljeni, da po poku\u0161anju v mnenje o artiklu napi\u0161ete katera vam je najbolj v\u0161e\u010d. Praline zaradi mo\u017enosti deformacije ne po\u0161iljamo po po\u0161ti v poletnih mesecih oz. ko temperatura naraste nad 20\u00b0C. Priporo\u010damo osebni prevzem po predhodnem dogovoru.  <\/p>","protected":false},"excerpt":{"rendered":"<p>Gineral\u00ae praline z ginom so ro\u010dno izdelane praline z dodanim ginom Gineral\u00ae gin Classic. Vsaka od \u0161tirih pralin je izdelana po posebnem edinstvenem receptu. V paketu je ena pralina s temno \u010dokolado+gin, ena pralina s temno \u010dokolado+gin+okus maline, ena pralina iz mle\u010dne \u010dokolade+gin+okus pomaran\u010de in ena pralina iz bele \u010dokolade+gin+okus borovnice. Praline so v darilnem [&hellip;]<\/p>\n","protected":false},"featured_media":1173,"comment_status":"open","ping_status":"closed","template":"","meta":{"site-sidebar-layout":"default","site-content-layout":"default","ast-site-content-layout":"default","site-content-style":"default","site-sidebar-style":"default","ast-global-header-display":"","ast-banner-title-visibility":"","ast-main-header-display":"","ast-hfb-above-header-display":"","ast-hfb-below-header-display":"","ast-hfb-mobile-header-display":"","site-post-title":"","ast-breadcrumbs-content":"","ast-featured-img":"","footer-sml-layout":"","ast-disable-related-posts":"","theme-transparent-header-meta":"default","adv-header-id-meta":"","stick-header-meta":"","header-above-stick-meta":"","header-main-stick-meta":"","header-below-stick-meta":"","astra-migrate-meta-layouts":"set","ast-page-background-enabled":"default","ast-page-background-meta":{"desktop":{"background-color":"var(--ast-global-color-4)","background-image":"","background-repeat":"repeat","background-position":"center center","background-size":"auto","background-attachment":"scroll","background-type":"","background-media":"","overlay-type":"","overlay-color":"","overlay-opacity":"","overlay-gradient":""},"tablet":{"background-color":"","background-image":"","background-repeat":"repeat","background-position":"center center","background-size":"auto","background-attachment":"scroll","background-type":"","background-media":"","overlay-type":"","overlay-color":"","overlay-opacity":"","overlay-gradient":""},"mobile":{"background-color":"","background-image":"","background-repeat":"repeat","background-position":"center center","background-size":"auto","background-attachment":"scroll","background-type":"","background-media":"","overlay-type":"","overlay-color":"","overlay-opacity":"","overlay-gradient":""}},"ast-content-background-meta":{"desktop":{"background-color":"var(--ast-global-color-5)","background-image":"","background-repeat":"repeat","background-position":"center center","background-size":"auto","background-attachment":"scroll","background-type":"","background-media":"","overlay-type":"","overlay-color":"","overlay-opacity":"","overlay-gradient":""},"tablet":{"background-color":"var(--ast-global-color-5)","background-image":"","background-repeat":"repeat","background-position":"center center","background-size":"auto","background-attachment":"scroll","background-type":"","background-media":"","overlay-type":"","overlay-color":"","overlay-opacity":"","overlay-gradient":""},"mobile":{"background-color":"var(--ast-global-color-5)","background-image":"","background-repeat":"repeat","background-position":"center center","background-size":"auto","background-attachment":"scroll","background-type":"","background-media":"","overlay-type":"","overlay-color":"","overlay-opacity":"","overlay-gradient":""}}},"product_brand":[],"product_cat":[25],"product_tag":[],"class_list":{"0":"post-1172","1":"product","2":"type-product","3":"status-publish","4":"has-post-thumbnail","6":"product_cat-cokoladice","7":"desktop-align-left","8":"tablet-align-left","9":"mobile-align-left","11":"first","12":"instock","13":"taxable","14":"shipping-taxable","15":"purchasable","16":"product-type-simple"},"aioseo_notices":[],"_links":{"self":[{"href":"https:\/\/gineral.si\/en\/wp-json\/wp\/v2\/product\/1172","targetHints":{"allow":["GET"]}}],"collection":[{"href":"https:\/\/gineral.si\/en\/wp-json\/wp\/v2\/product"}],"about":[{"href":"https:\/\/gineral.si\/en\/wp-json\/wp\/v2\/types\/product"}],"replies":[{"embeddable":true,"href":"https:\/\/gineral.si\/en\/wp-json\/wp\/v2\/comments?post=1172"}],"version-history":[{"count":1,"href":"https:\/\/gineral.si\/en\/wp-json\/wp\/v2\/product\/1172\/revisions"}],"predecessor-version":[{"id":2703,"href":"https:\/\/gineral.si\/en\/wp-json\/wp\/v2\/product\/1172\/revisions\/2703"}],"wp:featuredmedia":[{"embeddable":true,"href":"https:\/\/gineral.si\/en\/wp-json\/wp\/v2\/media\/1173"}],"wp:attachment":[{"href":"https:\/\/gineral.si\/en\/wp-json\/wp\/v2\/media?parent=1172"}],"wp:term":[{"taxonomy":"product_brand","embeddable":true,"href":"https:\/\/gineral.si\/en\/wp-json\/wp\/v2\/product_brand?post=1172"},{"taxonomy":"product_cat","embeddable":true,"href":"https:\/\/gineral.si\/en\/wp-json\/wp\/v2\/product_cat?post=1172"},{"taxonomy":"product_tag","embeddable":true,"href":"https:\/\/gineral.si\/en\/wp-json\/wp\/v2\/product_tag?post=1172"}],"curies":[{"name":"wp","href":"https:\/\/api.w.org\/{rel}","templated":true}]}}