{"id":1160,"date":"2023-05-19T11:27:02","date_gmt":"2023-05-19T10:27:02","guid":{"rendered":"https:\/\/gineral.si\/?post_type=product&#038;p=1160"},"modified":"2026-01-31T19:04:31","modified_gmt":"2026-01-31T18:04:31","slug":"gineral-gin-classic-02l","status":"publish","type":"product","link":"https:\/\/gineral.si\/en\/product\/gineral-gin-classic-02l\/","title":{"rendered":"Gineral\u00ae gin Classic 0,2L"},"content":{"rendered":"<p>Gineral\u00ae gin Classic je ve\u010dkrat dr\u017eavno in mednarodno nagrajen Kozjanski gin. Gre za zvrst London dry, kar pomeni, da mu po destilaciji ne dodajamo nobenih dodatkov razen vode. Zaradi visoke stopnje naravnih arom in olj, ki se izlo\u010dijo med fazo maceracije plodov, cvetov in za\u010dimb, je gin primeren za samostojno u\u017eivanje kot aperitiv ali digestiv. Primeren pa je tudi za najpriljubljenej\u0161o pija\u010do gin tonik. Tukaj bodite pozorni, da izberete tonik, ki je \u010dim manj aromatiziran, da boste lahko u\u017eivali v aromah gina ali pa izberite tonik, ki poudari eno od sestavin gina (citrusi, brin, koriander, kumara, poper kubeba, vrtnica dama\u0161\u010danka, angelika, kumina). Na\u0161e priporo\u010dilo sta Fentimans Rose Limonade ali Fentimans Indian Tonic Water. \u010ce pa ste ljubitelj cocktailov pa ne pozabite pogledati zavihka &#8220;recepti&#8221; na na\u0161i spletni strani.<\/p>","protected":false},"excerpt":{"rendered":"<p>Gineral\u00ae gin Classic je ve\u010dkrat dr\u017eavno in mednarodno nagrajen Kozjanski gin. Gre za zvrst London dry, kar pomeni, da mu po destilaciji ne dodajamo nobenih dodatkov razen vode. Zaradi visoke stopnje naravnih arom in olj, ki se izlo\u010dijo med fazo maceracije plodov, cvetov in za\u010dimb, je gin primeren za samostojno u\u017eivanje kot aperitiv ali digestiv. [&hellip;]<\/p>\n","protected":false},"featured_media":1161,"comment_status":"open","ping_status":"closed","template":"","meta":{"site-sidebar-layout":"default","site-content-layout":"default","ast-site-content-layout":"default","site-content-style":"default","site-sidebar-style":"default","ast-global-header-display":"","ast-banner-title-visibility":"","ast-main-header-display":"","ast-hfb-above-header-display":"","ast-hfb-below-header-display":"","ast-hfb-mobile-header-display":"","site-post-title":"","ast-breadcrumbs-content":"","ast-featured-img":"","footer-sml-layout":"","ast-disable-related-posts":"","theme-transparent-header-meta":"default","adv-header-id-meta":"","stick-header-meta":"","header-above-stick-meta":"","header-main-stick-meta":"","header-below-stick-meta":"","astra-migrate-meta-layouts":"set","ast-page-background-enabled":"default","ast-page-background-meta":{"desktop":{"background-color":"var(--ast-global-color-4)","background-image":"","background-repeat":"repeat","background-position":"center center","background-size":"auto","background-attachment":"scroll","background-type":"","background-media":"","overlay-type":"","overlay-color":"","overlay-opacity":"","overlay-gradient":""},"tablet":{"background-color":"","background-image":"","background-repeat":"repeat","background-position":"center center","background-size":"auto","background-attachment":"scroll","background-type":"","background-media":"","overlay-type":"","overlay-color":"","overlay-opacity":"","overlay-gradient":""},"mobile":{"background-color":"","background-image":"","background-repeat":"repeat","background-position":"center center","background-size":"auto","background-attachment":"scroll","background-type":"","background-media":"","overlay-type":"","overlay-color":"","overlay-opacity":"","overlay-gradient":""}},"ast-content-background-meta":{"desktop":{"background-color":"var(--ast-global-color-5)","background-image":"","background-repeat":"repeat","background-position":"center center","background-size":"auto","background-attachment":"scroll","background-type":"","background-media":"","overlay-type":"","overlay-color":"","overlay-opacity":"","overlay-gradient":""},"tablet":{"background-color":"var(--ast-global-color-5)","background-image":"","background-repeat":"repeat","background-position":"center center","background-size":"auto","background-attachment":"scroll","background-type":"","background-media":"","overlay-type":"","overlay-color":"","overlay-opacity":"","overlay-gradient":""},"mobile":{"background-color":"var(--ast-global-color-5)","background-image":"","background-repeat":"repeat","background-position":"center center","background-size":"auto","background-attachment":"scroll","background-type":"","background-media":"","overlay-type":"","overlay-color":"","overlay-opacity":"","overlay-gradient":""}}},"product_brand":[],"product_cat":[26],"product_tag":[],"class_list":{"0":"post-1160","1":"product","2":"type-product","3":"status-publish","4":"has-post-thumbnail","6":"product_cat-gin","7":"desktop-align-left","8":"tablet-align-left","9":"mobile-align-left","11":"first","12":"instock","13":"taxable","14":"shipping-taxable","15":"purchasable","16":"product-type-simple"},"aioseo_notices":[],"_links":{"self":[{"href":"https:\/\/gineral.si\/en\/wp-json\/wp\/v2\/product\/1160","targetHints":{"allow":["GET"]}}],"collection":[{"href":"https:\/\/gineral.si\/en\/wp-json\/wp\/v2\/product"}],"about":[{"href":"https:\/\/gineral.si\/en\/wp-json\/wp\/v2\/types\/product"}],"replies":[{"embeddable":true,"href":"https:\/\/gineral.si\/en\/wp-json\/wp\/v2\/comments?post=1160"}],"version-history":[{"count":1,"href":"https:\/\/gineral.si\/en\/wp-json\/wp\/v2\/product\/1160\/revisions"}],"predecessor-version":[{"id":2702,"href":"https:\/\/gineral.si\/en\/wp-json\/wp\/v2\/product\/1160\/revisions\/2702"}],"wp:featuredmedia":[{"embeddable":true,"href":"https:\/\/gineral.si\/en\/wp-json\/wp\/v2\/media\/1161"}],"wp:attachment":[{"href":"https:\/\/gineral.si\/en\/wp-json\/wp\/v2\/media?parent=1160"}],"wp:term":[{"taxonomy":"product_brand","embeddable":true,"href":"https:\/\/gineral.si\/en\/wp-json\/wp\/v2\/product_brand?post=1160"},{"taxonomy":"product_cat","embeddable":true,"href":"https:\/\/gineral.si\/en\/wp-json\/wp\/v2\/product_cat?post=1160"},{"taxonomy":"product_tag","embeddable":true,"href":"https:\/\/gineral.si\/en\/wp-json\/wp\/v2\/product_tag?post=1160"}],"curies":[{"name":"wp","href":"https:\/\/api.w.org\/{rel}","templated":true}]}}