{"id":1145,"date":"2023-05-19T11:00:24","date_gmt":"2023-05-19T10:00:24","guid":{"rendered":"https:\/\/gineral.si\/?post_type=product&#038;p=1145"},"modified":"2025-06-07T14:39:53","modified_gmt":"2025-06-07T13:39:53","slug":"gineral-gin-gold-v-darilni-embalazi","status":"publish","type":"product","link":"https:\/\/gineral.si\/en\/product\/gineral-gin-gold-v-darilni-embalazi\/","title":{"rendered":"Gineral\u00ae gin Gold 0,7L in gift wrapping"},"content":{"rendered":"<p>Gineral\u00ae gin Gold je odli\u010dno darilo za posebne prilo\u017enosti. Gre za London dry, Gineral\u00ae gin Classic, ki mu dodajamo naj\u010distej\u0161e 24 karatno jedilno zlato v listi\u010dih. U\u017eivajte v samostojnem aperitivu s ple\u0161o\u010dim zlatom. Presti\u017ena serija je tudi lep poklon za poslovno darilo. Na darilno embala\u017eo pri naro\u010dilu nad 10 kos je mo\u017eno natisniti logo po va\u0161i izbiri.<\/p>","protected":false},"excerpt":{"rendered":"<p>Gineral\u00ae gin Gold je odli\u010dno darilo za posebne prilo\u017enosti. Gre za London dry, Gineral\u00ae gin Classic, ki mu dodajamo naj\u010distej\u0161e 24 karatno jedilno zlato v listi\u010dih. U\u017eivajte v samostojnem aperitivu s ple\u0161o\u010dim zlatom. Presti\u017ena serija je tudi lep poklon za poslovno darilo. Na darilno embala\u017eo pri naro\u010dilu nad 10 kos je mo\u017eno natisniti logo po [&hellip;]<\/p>\n","protected":false},"featured_media":1147,"comment_status":"open","ping_status":"closed","template":"","meta":{"site-sidebar-layout":"default","site-content-layout":"default","ast-site-content-layout":"default","site-content-style":"default","site-sidebar-style":"default","ast-global-header-display":"","ast-banner-title-visibility":"","ast-main-header-display":"","ast-hfb-above-header-display":"","ast-hfb-below-header-display":"","ast-hfb-mobile-header-display":"","site-post-title":"","ast-breadcrumbs-content":"","ast-featured-img":"","footer-sml-layout":"","ast-disable-related-posts":"","theme-transparent-header-meta":"default","adv-header-id-meta":"","stick-header-meta":"","header-above-stick-meta":"","header-main-stick-meta":"","header-below-stick-meta":"","astra-migrate-meta-layouts":"set","ast-page-background-enabled":"default","ast-page-background-meta":{"desktop":{"background-color":"var(--ast-global-color-4)","background-image":"","background-repeat":"repeat","background-position":"center center","background-size":"auto","background-attachment":"scroll","background-type":"","background-media":"","overlay-type":"","overlay-color":"","overlay-opacity":"","overlay-gradient":""},"tablet":{"background-color":"","background-image":"","background-repeat":"repeat","background-position":"center center","background-size":"auto","background-attachment":"scroll","background-type":"","background-media":"","overlay-type":"","overlay-color":"","overlay-opacity":"","overlay-gradient":""},"mobile":{"background-color":"","background-image":"","background-repeat":"repeat","background-position":"center center","background-size":"auto","background-attachment":"scroll","background-type":"","background-media":"","overlay-type":"","overlay-color":"","overlay-opacity":"","overlay-gradient":""}},"ast-content-background-meta":{"desktop":{"background-color":"var(--ast-global-color-5)","background-image":"","background-repeat":"repeat","background-position":"center center","background-size":"auto","background-attachment":"scroll","background-type":"","background-media":"","overlay-type":"","overlay-color":"","overlay-opacity":"","overlay-gradient":""},"tablet":{"background-color":"var(--ast-global-color-5)","background-image":"","background-repeat":"repeat","background-position":"center center","background-size":"auto","background-attachment":"scroll","background-type":"","background-media":"","overlay-type":"","overlay-color":"","overlay-opacity":"","overlay-gradient":""},"mobile":{"background-color":"var(--ast-global-color-5)","background-image":"","background-repeat":"repeat","background-position":"center center","background-size":"auto","background-attachment":"scroll","background-type":"","background-media":"","overlay-type":"","overlay-color":"","overlay-opacity":"","overlay-gradient":""}}},"product_brand":[],"product_cat":[26],"product_tag":[],"class_list":{"0":"post-1145","1":"product","2":"type-product","3":"status-publish","4":"has-post-thumbnail","6":"product_cat-gin","7":"desktop-align-left","8":"tablet-align-left","9":"mobile-align-left","11":"first","12":"instock","13":"featured","14":"taxable","15":"shipping-taxable","16":"purchasable","17":"product-type-simple"},"aioseo_notices":[],"_links":{"self":[{"href":"https:\/\/gineral.si\/en\/wp-json\/wp\/v2\/product\/1145","targetHints":{"allow":["GET"]}}],"collection":[{"href":"https:\/\/gineral.si\/en\/wp-json\/wp\/v2\/product"}],"about":[{"href":"https:\/\/gineral.si\/en\/wp-json\/wp\/v2\/types\/product"}],"replies":[{"embeddable":true,"href":"https:\/\/gineral.si\/en\/wp-json\/wp\/v2\/comments?post=1145"}],"version-history":[{"count":1,"href":"https:\/\/gineral.si\/en\/wp-json\/wp\/v2\/product\/1145\/revisions"}],"predecessor-version":[{"id":2057,"href":"https:\/\/gineral.si\/en\/wp-json\/wp\/v2\/product\/1145\/revisions\/2057"}],"wp:featuredmedia":[{"embeddable":true,"href":"https:\/\/gineral.si\/en\/wp-json\/wp\/v2\/media\/1147"}],"wp:attachment":[{"href":"https:\/\/gineral.si\/en\/wp-json\/wp\/v2\/media?parent=1145"}],"wp:term":[{"taxonomy":"product_brand","embeddable":true,"href":"https:\/\/gineral.si\/en\/wp-json\/wp\/v2\/product_brand?post=1145"},{"taxonomy":"product_cat","embeddable":true,"href":"https:\/\/gineral.si\/en\/wp-json\/wp\/v2\/product_cat?post=1145"},{"taxonomy":"product_tag","embeddable":true,"href":"https:\/\/gineral.si\/en\/wp-json\/wp\/v2\/product_tag?post=1145"}],"curies":[{"name":"wp","href":"https:\/\/api.w.org\/{rel}","templated":true}]}}