{"id":1732,"date":"2023-09-22T20:28:34","date_gmt":"2023-09-22T19:28:34","guid":{"rendered":"https:\/\/gineral.si\/?page_id=1732"},"modified":"2025-09-04T19:14:30","modified_gmt":"2025-09-04T18:14:30","slug":"nas-digitalni-partner-gr-izdelava-spletnih-strani","status":"publish","type":"page","link":"https:\/\/gineral.si\/en\/nas-digitalni-partner-gr-izdelava-spletnih-strani\/","title":{"rendered":"Our digital partner: GR website development"},"content":{"rendered":"<p>In today's digital world, it is extremely important to have a reliable partner by your side who understands what we need and can help us achieve our goals. At Gineral, we were lucky enough to trust our digital presence <a href=\"https:\/\/gregarednak.com\" title=\"to Grega Rednak\">to Grega Rednak<\/a>, a specialist in creating websites, stores and SEO optimization.<\/p>\n\n\n\n<h2 class=\"wp-block-heading\">Why choose GR website development?<\/h2>\n\n\n\n<p>Grega Rednak is an expert who takes on every project with a great deal of responsibility, passion and innovation. Its range of services includes:<\/p>\n\n\n\n<ul class=\"wp-block-list\">\n<li><strong><a href=\"https:\/\/gregarednak.com\" title=\"Web development\">Web development<\/a><\/strong>: Grega creates websites that are visually perfect and functionally advanced. Each project is unique and reflects your company's identity while attracting your target audience.<\/li>\n\n\n\n<li><strong><a href=\"https:\/\/gregarednak.si\" title=\"\">Webshop development<\/a><\/strong>: With a personal approach and comprehensive solutions, Grega ensures that your online store will not only meet, but even exceed your expectations.<\/li>\n\n\n\n<li><strong><a href=\"https:\/\/gregarednak.com\/seo-optimizacija-spletnih-strani\" title=\"\">SEO optimization<\/a><\/strong>: Its SEO strategies are designed to put your website or store at the top of search engines. This increases organic traffic and improves the visibility of your brand online.<\/li>\n<\/ul>\n\n\n\n<h2 class=\"wp-block-heading\">Our recommendation<\/h2>\n\n\n\n<p>Na\u0161a spletna trgovina je odli\u010den primer kakovosti in profesionalnosti, ki jo lahko pri\u010dakujete od Grega Rednaka. Vabimo vas, da se prepri\u010date sami \u2013 obi\u0161\u010dite na\u0161o spletno stran <a href=\"\/en\/\" title=\"\">gineral.si<\/a> in u\u017eivajte v izku\u0161nji, ki jo prina\u0161a sodelovanje z nami in na\u0161im partnerjem.<\/p>\n\n\n\n<h2 class=\"wp-block-heading\">Contact<\/h2>\n\n\n\n<p>For more information about working with Greg Rednak or for additional information about the services he provides, we invite you to contact him via <a href=\"https:\/\/gregarednak.com\/kontakt\" title=\"\">Contact form<\/a> or visit <a href=\"https:\/\/gloriousrevenge.com\" title=\"GR\">GR<\/a> <a href=\"https:\/\/gregarednak.com\" title=\"GR web development\">GR web development<\/a>.<\/p>","protected":false},"excerpt":{"rendered":"<p>V dana\u0161njem digitalnem svetu je izjemno pomembno imeti ob sebi zanesljivega partnerja, ki razume, kaj potrebujemo, in nam lahko pomaga pri doseganju na\u0161ih ciljev. Na Gineralu smo imeli to sre\u010do, da smo zaupali svoj digitalni nastop Gregu Rednaku, specialistu za izdelavo spletnih strani, trgovin in SEO optimizacijo. Zakaj izbrati GR izdelava spletnih strani? Grega Rednak [&hellip;]<\/p>\n","protected":false},"author":1,"featured_media":0,"parent":0,"menu_order":0,"comment_status":"closed","ping_status":"closed","template":"","meta":{"site-sidebar-layout":"default","site-content-layout":"","ast-site-content-layout":"default","site-content-style":"default","site-sidebar-style":"default","ast-global-header-display":"","ast-banner-title-visibility":"","ast-main-header-display":"","ast-hfb-above-header-display":"","ast-hfb-below-header-display":"","ast-hfb-mobile-header-display":"","site-post-title":"","ast-breadcrumbs-content":"","ast-featured-img":"","footer-sml-layout":"","ast-disable-related-posts":"","theme-transparent-header-meta":"","adv-header-id-meta":"","stick-header-meta":"","header-above-stick-meta":"","header-main-stick-meta":"","header-below-stick-meta":"","astra-migrate-meta-layouts":"set","ast-page-background-enabled":"default","ast-page-background-meta":{"desktop":{"background-color":"var(--ast-global-color-4)","background-image":"","background-repeat":"repeat","background-position":"center center","background-size":"auto","background-attachment":"scroll","background-type":"","background-media":"","overlay-type":"","overlay-color":"","overlay-opacity":"","overlay-gradient":""},"tablet":{"background-color":"","background-image":"","background-repeat":"repeat","background-position":"center center","background-size":"auto","background-attachment":"scroll","background-type":"","background-media":"","overlay-type":"","overlay-color":"","overlay-opacity":"","overlay-gradient":""},"mobile":{"background-color":"","background-image":"","background-repeat":"repeat","background-position":"center center","background-size":"auto","background-attachment":"scroll","background-type":"","background-media":"","overlay-type":"","overlay-color":"","overlay-opacity":"","overlay-gradient":""}},"ast-content-background-meta":{"desktop":{"background-color":"var(--ast-global-color-5)","background-image":"","background-repeat":"repeat","background-position":"center center","background-size":"auto","background-attachment":"scroll","background-type":"","background-media":"","overlay-type":"","overlay-color":"","overlay-opacity":"","overlay-gradient":""},"tablet":{"background-color":"var(--ast-global-color-5)","background-image":"","background-repeat":"repeat","background-position":"center center","background-size":"auto","background-attachment":"scroll","background-type":"","background-media":"","overlay-type":"","overlay-color":"","overlay-opacity":"","overlay-gradient":""},"mobile":{"background-color":"var(--ast-global-color-5)","background-image":"","background-repeat":"repeat","background-position":"center center","background-size":"auto","background-attachment":"scroll","background-type":"","background-media":"","overlay-type":"","overlay-color":"","overlay-opacity":"","overlay-gradient":""}},"footnotes":""},"class_list":["post-1732","page","type-page","status-publish","hentry"],"aioseo_notices":[],"_links":{"self":[{"href":"https:\/\/gineral.si\/en\/wp-json\/wp\/v2\/pages\/1732","targetHints":{"allow":["GET"]}}],"collection":[{"href":"https:\/\/gineral.si\/en\/wp-json\/wp\/v2\/pages"}],"about":[{"href":"https:\/\/gineral.si\/en\/wp-json\/wp\/v2\/types\/page"}],"author":[{"embeddable":true,"href":"https:\/\/gineral.si\/en\/wp-json\/wp\/v2\/users\/1"}],"replies":[{"embeddable":true,"href":"https:\/\/gineral.si\/en\/wp-json\/wp\/v2\/comments?post=1732"}],"version-history":[{"count":1,"href":"https:\/\/gineral.si\/en\/wp-json\/wp\/v2\/pages\/1732\/revisions"}],"predecessor-version":[{"id":2753,"href":"https:\/\/gineral.si\/en\/wp-json\/wp\/v2\/pages\/1732\/revisions\/2753"}],"wp:attachment":[{"href":"https:\/\/gineral.si\/en\/wp-json\/wp\/v2\/media?parent=1732"}],"curies":[{"name":"wp","href":"https:\/\/api.w.org\/{rel}","templated":true}]}}