{"id":1463,"date":"2023-06-26T15:21:40","date_gmt":"2023-06-26T14:21:40","guid":{"rendered":"https:\/\/gineral.si\/?page_id=1463"},"modified":"2023-07-07T19:56:00","modified_gmt":"2023-07-07T18:56:00","slug":"druzbena-aktivnost","status":"publish","type":"page","link":"https:\/\/gineral.si\/en\/druzbena-aktivnost\/","title":{"rendered":"Social activity"},"content":{"rendered":"<div data-elementor-type=\"wp-page\" data-elementor-id=\"1463\" class=\"elementor elementor-1463\">\n\t\t\t\t<div class=\"elementor-element elementor-element-764a4ea e-flex e-con-boxed e-con e-parent\" data-id=\"764a4ea\" data-element_type=\"container\" data-e-type=\"container\">\n\t\t\t\t\t<div class=\"e-con-inner\">\n\t\t\t\t<div class=\"elementor-element elementor-element-682f5e4 elementor-widget elementor-widget-heading\" data-id=\"682f5e4\" data-element_type=\"widget\" data-e-type=\"widget\" data-widget_type=\"heading.default\">\n\t\t\t\t<div class=\"elementor-widget-container\">\n\t\t\t\t\t<h1 class=\"elementor-heading-title elementor-size-default\">Social activity<\/h1>\t\t\t\t<\/div>\n\t\t\t\t<\/div>\n\t\t\t\t<div class=\"elementor-element elementor-element-7069266 elementor-widget elementor-widget-text-editor\" data-id=\"7069266\" data-element_type=\"widget\" data-e-type=\"widget\" data-widget_type=\"text-editor.default\">\n\t\t\t\t<div class=\"elementor-widget-container\">\n\t\t\t\t\t\t\t\t\t<p>Gineral\u00ae traditionally participates in local fairs and festivals: Kozjanska apple, Wine and Chocolate, Beer Fest, Jo\u017eefov sejm.<\/p>\t\t\t\t\t\t\t\t<\/div>\n\t\t\t\t<\/div>\n\t\t<div class=\"elementor-element elementor-element-a400593 e-flex e-con-boxed e-con e-child\" data-id=\"a400593\" data-element_type=\"container\" data-e-type=\"container\">\n\t\t\t\t\t<div class=\"e-con-inner\">\n\t\t\t\t<div class=\"elementor-element elementor-element-51a5ab0 elementor-widget elementor-widget-image\" data-id=\"51a5ab0\" data-element_type=\"widget\" data-e-type=\"widget\" data-widget_type=\"image.default\">\n\t\t\t\t<div class=\"elementor-widget-container\">\n\t\t\t\t\t\t\t\t\t\t\t\t\t\t\t<img fetchpriority=\"high\" decoding=\"async\" width=\"300\" height=\"178\" src=\"https:\/\/gineral.si\/wp-content\/uploads\/2023\/07\/Gineral_festival_piva_krsko-e1688402543799-300x178.webp\" class=\"attachment-medium size-medium wp-image-1583\" alt=\"\" srcset=\"https:\/\/gineral.si\/wp-content\/uploads\/2023\/07\/Gineral_festival_piva_krsko-e1688402543799-300x178.webp 300w, https:\/\/gineral.si\/wp-content\/uploads\/2023\/07\/Gineral_festival_piva_krsko-e1688402543799-18x12.webp 18w, https:\/\/gineral.si\/wp-content\/uploads\/2023\/07\/Gineral_festival_piva_krsko-e1688402543799.webp 594w\" sizes=\"(max-width: 300px) 100vw, 300px\" \/>\t\t\t\t\t\t\t\t\t\t\t\t\t\t\t<\/div>\n\t\t\t\t<\/div>\n\t\t\t\t<div class=\"elementor-element elementor-element-d2da803 elementor-widget elementor-widget-image\" data-id=\"d2da803\" data-element_type=\"widget\" data-e-type=\"widget\" data-widget_type=\"image.default\">\n\t\t\t\t<div class=\"elementor-widget-container\">\n\t\t\t\t\t\t\t\t\t\t\t\t\t\t\t<img decoding=\"async\" width=\"275\" height=\"183\" src=\"https:\/\/gineral.si\/wp-content\/uploads\/2023\/07\/Gineral_Kozjansko-jabolko.webp\" class=\"attachment-medium_large size-medium_large wp-image-1580\" alt=\"\" srcset=\"https:\/\/gineral.si\/wp-content\/uploads\/2023\/07\/Gineral_Kozjansko-jabolko.webp 275w, https:\/\/gineral.si\/wp-content\/uploads\/2023\/07\/Gineral_Kozjansko-jabolko-18x12.webp 18w\" sizes=\"(max-width: 275px) 100vw, 275px\" \/>\t\t\t\t\t\t\t\t\t\t\t\t\t\t\t<\/div>\n\t\t\t\t<\/div>\n\t\t\t\t<div class=\"elementor-element elementor-element-389f2c0 elementor-widget elementor-widget-image\" data-id=\"389f2c0\" data-element_type=\"widget\" data-e-type=\"widget\" data-widget_type=\"image.default\">\n\t\t\t\t<div class=\"elementor-widget-container\">\n\t\t\t\t\t\t\t\t\t\t\t\t\t\t\t<img decoding=\"async\" width=\"300\" height=\"111\" src=\"https:\/\/gineral.si\/wp-content\/uploads\/2023\/07\/Gineral_Jozeki_kuhajo-300x111.webp\" class=\"attachment-medium size-medium wp-image-1582\" alt=\"\" srcset=\"https:\/\/gineral.si\/wp-content\/uploads\/2023\/07\/Gineral_Jozeki_kuhajo-300x111.webp 300w, https:\/\/gineral.si\/wp-content\/uploads\/2023\/07\/Gineral_Jozeki_kuhajo-768x284.webp 768w, https:\/\/gineral.si\/wp-content\/uploads\/2023\/07\/Gineral_Jozeki_kuhajo-18x7.webp 18w, https:\/\/gineral.si\/wp-content\/uploads\/2023\/07\/Gineral_Jozeki_kuhajo-600x222.webp 600w, https:\/\/gineral.si\/wp-content\/uploads\/2023\/07\/Gineral_Jozeki_kuhajo.webp 960w\" sizes=\"(max-width: 300px) 100vw, 300px\" \/>\t\t\t\t\t\t\t\t\t\t\t\t\t\t\t<\/div>\n\t\t\t\t<\/div>\n\t\t\t\t<div class=\"elementor-element elementor-element-2497bb9 elementor-widget elementor-widget-image\" data-id=\"2497bb9\" data-element_type=\"widget\" data-e-type=\"widget\" data-widget_type=\"image.default\">\n\t\t\t\t<div class=\"elementor-widget-container\">\n\t\t\t\t\t\t\t\t\t\t\t\t\t\t\t<img loading=\"lazy\" decoding=\"async\" width=\"300\" height=\"120\" src=\"https:\/\/gineral.si\/wp-content\/uploads\/2023\/07\/Gineral_Vino-in-cokolada-300x120.webp\" class=\"attachment-medium size-medium wp-image-1581\" alt=\"\" srcset=\"https:\/\/gineral.si\/wp-content\/uploads\/2023\/07\/Gineral_Vino-in-cokolada-300x120.webp 300w, https:\/\/gineral.si\/wp-content\/uploads\/2023\/07\/Gineral_Vino-in-cokolada-1024x410.webp 1024w, https:\/\/gineral.si\/wp-content\/uploads\/2023\/07\/Gineral_Vino-in-cokolada-768x307.webp 768w, https:\/\/gineral.si\/wp-content\/uploads\/2023\/07\/Gineral_Vino-in-cokolada-1536x614.webp 1536w, https:\/\/gineral.si\/wp-content\/uploads\/2023\/07\/Gineral_Vino-in-cokolada-18x7.webp 18w, https:\/\/gineral.si\/wp-content\/uploads\/2023\/07\/Gineral_Vino-in-cokolada-600x240.webp 600w, https:\/\/gineral.si\/wp-content\/uploads\/2023\/07\/Gineral_Vino-in-cokolada.webp 1920w\" sizes=\"(max-width: 300px) 100vw, 300px\" \/>\t\t\t\t\t\t\t\t\t\t\t\t\t\t\t<\/div>\n\t\t\t\t<\/div>\n\t\t\t\t\t<\/div>\n\t\t\t\t<\/div>\n\t\t\t\t<div class=\"elementor-element elementor-element-de7338a elementor-widget elementor-widget-text-editor\" data-id=\"de7338a\" data-element_type=\"widget\" data-e-type=\"widget\" data-widget_type=\"text-editor.default\">\n\t\t\t\t<div class=\"elementor-widget-container\">\n\t\t\t\t\t\t\t\t\t<p>We are happy to be noticed in the local and national media\u00a0<\/p>\t\t\t\t\t\t\t\t<\/div>\n\t\t\t\t<\/div>\n\t\t<div class=\"elementor-element elementor-element-04f4a7f e-flex e-con-boxed e-con e-child\" data-id=\"04f4a7f\" data-element_type=\"container\" data-e-type=\"container\">\n\t\t\t\t\t<div class=\"e-con-inner\">\n\t\t\t\t<div class=\"elementor-element elementor-element-d2677b3 elementor-widget elementor-widget-image\" data-id=\"d2677b3\" data-element_type=\"widget\" data-e-type=\"widget\" data-widget_type=\"image.default\">\n\t\t\t\t<div class=\"elementor-widget-container\">\n\t\t\t\t\t\t\t\t\t\t\t\t<figure class=\"wp-caption\">\n\t\t\t\t\t\t\t\t\t\t\t<a href=\"https:\/\/www.stajerskival.si\/sl\/news\/moja-obcina\/druga-jutranja-kava-gineral.html\">\n\t\t\t\t\t\t\t<img loading=\"lazy\" decoding=\"async\" width=\"768\" height=\"432\" src=\"https:\/\/gineral.si\/wp-content\/uploads\/2023\/06\/Gineral-na-stajerskem-valu-768x432.webp\" class=\"attachment-medium_large size-medium_large wp-image-1474\" alt=\"\" srcset=\"https:\/\/gineral.si\/wp-content\/uploads\/2023\/06\/Gineral-na-stajerskem-valu-768x432.webp 768w, https:\/\/gineral.si\/wp-content\/uploads\/2023\/06\/Gineral-na-stajerskem-valu-300x169.webp 300w, https:\/\/gineral.si\/wp-content\/uploads\/2023\/06\/Gineral-na-stajerskem-valu-18x10.webp 18w, https:\/\/gineral.si\/wp-content\/uploads\/2023\/06\/Gineral-na-stajerskem-valu-600x337.webp 600w, https:\/\/gineral.si\/wp-content\/uploads\/2023\/06\/Gineral-na-stajerskem-valu.webp 1000w\" sizes=\"(max-width: 768px) 100vw, 768px\" \/>\t\t\t\t\t\t\t\t<\/a>\n\t\t\t\t\t\t\t\t\t\t\t<figcaption class=\"widget-image-caption wp-caption-text\">\u0160tajerski val<\/figcaption>\n\t\t\t\t\t\t\t\t\t\t<\/figure>\n\t\t\t\t\t\t\t\t\t<\/div>\n\t\t\t\t<\/div>\n\t\t\t\t<div class=\"elementor-element elementor-element-c0b7491 elementor-widget elementor-widget-image\" data-id=\"c0b7491\" data-element_type=\"widget\" data-e-type=\"widget\" data-widget_type=\"image.default\">\n\t\t\t\t<div class=\"elementor-widget-container\">\n\t\t\t\t\t\t\t\t\t\t\t\t<figure class=\"wp-caption\">\n\t\t\t\t\t\t\t\t\t\t\t<a href=\"https:\/\/www.24ur.com\/video\/62939678\u00a0\">\n\t\t\t\t\t\t\t<img loading=\"lazy\" decoding=\"async\" width=\"768\" height=\"503\" src=\"https:\/\/gineral.si\/wp-content\/uploads\/2023\/07\/Gineral_24ur-768x503.webp\" class=\"attachment-medium_large size-medium_large wp-image-1594\" alt=\"\" srcset=\"https:\/\/gineral.si\/wp-content\/uploads\/2023\/07\/Gineral_24ur-768x503.webp 768w, https:\/\/gineral.si\/wp-content\/uploads\/2023\/07\/Gineral_24ur-300x196.webp 300w, https:\/\/gineral.si\/wp-content\/uploads\/2023\/07\/Gineral_24ur-18x12.webp 18w, https:\/\/gineral.si\/wp-content\/uploads\/2023\/07\/Gineral_24ur-600x393.webp 600w, https:\/\/gineral.si\/wp-content\/uploads\/2023\/07\/Gineral_24ur.webp 897w\" sizes=\"(max-width: 768px) 100vw, 768px\" \/>\t\t\t\t\t\t\t\t<\/a>\n\t\t\t\t\t\t\t\t\t\t\t<figcaption class=\"widget-image-caption wp-caption-text\">POP IN 24ur<\/figcaption>\n\t\t\t\t\t\t\t\t\t\t<\/figure>\n\t\t\t\t\t\t\t\t\t<\/div>\n\t\t\t\t<\/div>\n\t\t\t\t\t<\/div>\n\t\t\t\t<\/div>\n\t\t<div class=\"elementor-element elementor-element-6dcdbd5 e-flex e-con-boxed e-con e-child\" data-id=\"6dcdbd5\" data-element_type=\"container\" data-e-type=\"container\">\n\t\t\t\t\t<div class=\"e-con-inner\">\n\t\t\t\t<div class=\"elementor-element elementor-element-6da994e elementor-widget elementor-widget-image\" data-id=\"6da994e\" data-element_type=\"widget\" data-e-type=\"widget\" data-widget_type=\"image.default\">\n\t\t\t\t<div class=\"elementor-widget-container\">\n\t\t\t\t\t\t\t\t\t\t\t\t<figure class=\"wp-caption\">\n\t\t\t\t\t\t\t\t\t\t\t<a href=\"https:\/\/dolenjskilist.svet24.si\/2023\/04\/17\/274290\/novice\/dolenjska\/Jurij_Klakocar_prvak_1_Mednarodnega_festivala_zganih_pijac\/\">\n\t\t\t\t\t\t\t<img loading=\"lazy\" decoding=\"async\" width=\"569\" height=\"917\" src=\"https:\/\/gineral.si\/wp-content\/uploads\/2023\/07\/Gineral_dolenjskilist_svet24.webp\" class=\"attachment-large size-large wp-image-1595\" alt=\"\" srcset=\"https:\/\/gineral.si\/wp-content\/uploads\/2023\/07\/Gineral_dolenjskilist_svet24.webp 569w, https:\/\/gineral.si\/wp-content\/uploads\/2023\/07\/Gineral_dolenjskilist_svet24-186x300.webp 186w, https:\/\/gineral.si\/wp-content\/uploads\/2023\/07\/Gineral_dolenjskilist_svet24-7x12.webp 7w\" sizes=\"(max-width: 569px) 100vw, 569px\" \/>\t\t\t\t\t\t\t\t<\/a>\n\t\t\t\t\t\t\t\t\t\t\t<figcaption class=\"widget-image-caption wp-caption-text\">Gineral_dolenjskilist_svet24<\/figcaption>\n\t\t\t\t\t\t\t\t\t\t<\/figure>\n\t\t\t\t\t\t\t\t\t<\/div>\n\t\t\t\t<\/div>\n\t\t\t\t<div class=\"elementor-element elementor-element-96b49c0 elementor-widget elementor-widget-image\" data-id=\"96b49c0\" data-element_type=\"widget\" data-e-type=\"widget\" data-widget_type=\"image.default\">\n\t\t\t\t<div class=\"elementor-widget-container\">\n\t\t\t\t\t\t\t\t\t\t\t\t<figure class=\"wp-caption\">\n\t\t\t\t\t\t\t\t\t\t<img loading=\"lazy\" decoding=\"async\" width=\"712\" height=\"878\" src=\"https:\/\/gineral.si\/wp-content\/uploads\/2023\/06\/Gineral-v-nase-oko.webp\" class=\"attachment-large size-large wp-image-1488\" alt=\"\" srcset=\"https:\/\/gineral.si\/wp-content\/uploads\/2023\/06\/Gineral-v-nase-oko.webp 712w, https:\/\/gineral.si\/wp-content\/uploads\/2023\/06\/Gineral-v-nase-oko-243x300.webp 243w, https:\/\/gineral.si\/wp-content\/uploads\/2023\/06\/Gineral-v-nase-oko-10x12.webp 10w, https:\/\/gineral.si\/wp-content\/uploads\/2023\/06\/Gineral-v-nase-oko-600x740.webp 600w\" sizes=\"(max-width: 712px) 100vw, 712px\" \/>\t\t\t\t\t\t\t\t\t\t\t<figcaption class=\"widget-image-caption wp-caption-text\">Newspaper Na\u0161e oko<\/figcaption>\n\t\t\t\t\t\t\t\t\t\t<\/figure>\n\t\t\t\t\t\t\t\t\t<\/div>\n\t\t\t\t<\/div>\n\t\t\t\t<div class=\"elementor-element elementor-element-605c5de elementor-widget elementor-widget-image\" data-id=\"605c5de\" data-element_type=\"widget\" data-e-type=\"widget\" data-widget_type=\"image.default\">\n\t\t\t\t<div class=\"elementor-widget-container\">\n\t\t\t\t\t\t\t\t\t\t\t\t<figure class=\"wp-caption\">\n\t\t\t\t\t\t\t\t\t\t<img loading=\"lazy\" decoding=\"async\" width=\"630\" height=\"890\" src=\"https:\/\/gineral.si\/wp-content\/uploads\/2023\/06\/Tadeja-Volausek-v-nase-oko.webp\" class=\"attachment-large size-large wp-image-1487\" alt=\"\" srcset=\"https:\/\/gineral.si\/wp-content\/uploads\/2023\/06\/Tadeja-Volausek-v-nase-oko.webp 630w, https:\/\/gineral.si\/wp-content\/uploads\/2023\/06\/Tadeja-Volausek-v-nase-oko-212x300.webp 212w, https:\/\/gineral.si\/wp-content\/uploads\/2023\/06\/Tadeja-Volausek-v-nase-oko-8x12.webp 8w, https:\/\/gineral.si\/wp-content\/uploads\/2023\/06\/Tadeja-Volausek-v-nase-oko-600x848.webp 600w\" sizes=\"(max-width: 630px) 100vw, 630px\" \/>\t\t\t\t\t\t\t\t\t\t\t<figcaption class=\"widget-image-caption wp-caption-text\">\u010casopis Na\u0161e oko 2. stran<\/figcaption>\n\t\t\t\t\t\t\t\t\t\t<\/figure>\n\t\t\t\t\t\t\t\t\t<\/div>\n\t\t\t\t<\/div>\n\t\t\t\t\t<\/div>\n\t\t\t\t<\/div>\n\t\t\t\t<div class=\"elementor-element elementor-element-0a9ecfe elementor-widget elementor-widget-text-editor\" data-id=\"0a9ecfe\" data-element_type=\"widget\" data-e-type=\"widget\" data-widget_type=\"text-editor.default\">\n\t\t\t\t<div class=\"elementor-widget-container\">\n\t\t\t\t\t\t\t\t\t<p>We also proudly support young creators, which is why we sponsor their activities in the field of film.\u00a0<\/p>\t\t\t\t\t\t\t\t<\/div>\n\t\t\t\t<\/div>\n\t\t\t\t\t<\/div>\n\t\t\t\t<\/div>\n\t\t\t\t<\/div>","protected":false},"excerpt":{"rendered":"<p>Dru\u017ebena aktivnost Gineral\u00ae se tradicionalno udele\u017euje lokalnih sejmov in festivalov: Kozjansko jabolko, Vino in \u010cokolada, Beer Fest, Jo\u017eefov sejem. Veseli nas da smo opa\u017eeni tudi v lokalnih in dr\u017eavnih medijih&nbsp; \u0160tajerski val POP IN 24ur Gineral_dolenjskilist_svet24 \u010casopis Na\u0161e oko \u010casopis Na\u0161e oko 2. stran S ponosom podpiramo tudi mlade ustvarjalce, zato sponzoriramo njihovo dejavnost na [&hellip;]<\/p>\n","protected":false},"author":1,"featured_media":0,"parent":0,"menu_order":0,"comment_status":"closed","ping_status":"closed","template":"","meta":{"site-sidebar-layout":"no-sidebar","site-content-layout":"page-builder","ast-site-content-layout":"default","site-content-style":"default","site-sidebar-style":"default","ast-global-header-display":"","ast-banner-title-visibility":"","ast-main-header-display":"","ast-hfb-above-header-display":"","ast-hfb-below-header-display":"","ast-hfb-mobile-header-display":"","site-post-title":"disabled","ast-breadcrumbs-content":"","ast-featured-img":"disabled","footer-sml-layout":"","ast-disable-related-posts":"","theme-transparent-header-meta":"","adv-header-id-meta":"","stick-header-meta":"","header-above-stick-meta":"","header-main-stick-meta":"","header-below-stick-meta":"","astra-migrate-meta-layouts":"default","ast-page-background-enabled":"default","ast-page-background-meta":{"desktop":{"background-color":"var(--ast-global-color-4)","background-image":"","background-repeat":"repeat","background-position":"center center","background-size":"auto","background-attachment":"scroll","background-type":"","background-media":"","overlay-type":"","overlay-color":"","overlay-opacity":"","overlay-gradient":""},"tablet":{"background-color":"","background-image":"","background-repeat":"repeat","background-position":"center center","background-size":"auto","background-attachment":"scroll","background-type":"","background-media":"","overlay-type":"","overlay-color":"","overlay-opacity":"","overlay-gradient":""},"mobile":{"background-color":"","background-image":"","background-repeat":"repeat","background-position":"center center","background-size":"auto","background-attachment":"scroll","background-type":"","background-media":"","overlay-type":"","overlay-color":"","overlay-opacity":"","overlay-gradient":""}},"ast-content-background-meta":{"desktop":{"background-color":"var(--ast-global-color-5)","background-image":"","background-repeat":"repeat","background-position":"center center","background-size":"auto","background-attachment":"scroll","background-type":"","background-media":"","overlay-type":"","overlay-color":"","overlay-opacity":"","overlay-gradient":""},"tablet":{"background-color":"var(--ast-global-color-5)","background-image":"","background-repeat":"repeat","background-position":"center center","background-size":"auto","background-attachment":"scroll","background-type":"","background-media":"","overlay-type":"","overlay-color":"","overlay-opacity":"","overlay-gradient":""},"mobile":{"background-color":"var(--ast-global-color-5)","background-image":"","background-repeat":"repeat","background-position":"center center","background-size":"auto","background-attachment":"scroll","background-type":"","background-media":"","overlay-type":"","overlay-color":"","overlay-opacity":"","overlay-gradient":""}},"footnotes":""},"class_list":["post-1463","page","type-page","status-publish","hentry"],"aioseo_notices":[],"_links":{"self":[{"href":"https:\/\/gineral.si\/en\/wp-json\/wp\/v2\/pages\/1463","targetHints":{"allow":["GET"]}}],"collection":[{"href":"https:\/\/gineral.si\/en\/wp-json\/wp\/v2\/pages"}],"about":[{"href":"https:\/\/gineral.si\/en\/wp-json\/wp\/v2\/types\/page"}],"author":[{"embeddable":true,"href":"https:\/\/gineral.si\/en\/wp-json\/wp\/v2\/users\/1"}],"replies":[{"embeddable":true,"href":"https:\/\/gineral.si\/en\/wp-json\/wp\/v2\/comments?post=1463"}],"version-history":[{"count":0,"href":"https:\/\/gineral.si\/en\/wp-json\/wp\/v2\/pages\/1463\/revisions"}],"wp:attachment":[{"href":"https:\/\/gineral.si\/en\/wp-json\/wp\/v2\/media?parent=1463"}],"curies":[{"name":"wp","href":"https:\/\/api.w.org\/{rel}","templated":true}]}}